{"id":4588,"date":"2025-02-28T12:30:03","date_gmt":"2025-02-28T12:30:03","guid":{"rendered":"https:\/\/rechargeinfra.com\/sv\/?page_id=4588"},"modified":"2025-04-28T13:30:36","modified_gmt":"2025-04-28T13:30:36","slug":"laddkarta","status":"publish","type":"page","link":"https:\/\/rechargeinfra.com\/sv\/laddkarta\/","title":{"rendered":"Laddkarta"},"content":{"rendered":"","protected":false},"excerpt":{"rendered":"","protected":false},"author":153,"featured_media":0,"parent":0,"menu_order":0,"comment_status":"closed","ping_status":"closed","template":"","meta":{"_acf_changed":true,"inline_featured_image":false,"footnotes":""},"class_list":["post-4588","page","type-page","status-publish","hentry"],"acf":[],"yoast_head":"<!-- This site is optimized with the Yoast SEO plugin v27.4 - https:\/\/yoast.com\/product\/yoast-seo-wordpress\/ -->\n<title>Hitta snabbladdare och laddstationer l\u00e4ngs v\u00e4gen | Recharge<\/title>\n<meta name=\"description\" content=\"Laddkarta - V\u00e4lkommen till Nordens st\u00f6rsta snabbladdningsn\u00e4tverk som \u00e4r \u00f6ppet f\u00f6r alla. Vi har 2600 laddstationer f\u00f6r elbilar i...\" \/>\n<meta name=\"robots\" content=\"index, follow, max-snippet:-1, max-image-preview:large, max-video-preview:-1\" \/>\n<link rel=\"canonical\" href=\"https:\/\/rechargeinfra.com\/sv\/laddkarta\/\" \/>\n<meta property=\"og:locale\" content=\"sv_SE\" \/>\n<meta property=\"og:type\" content=\"article\" \/>\n<meta property=\"og:title\" content=\"Hitta snabbladdare och laddstationer l\u00e4ngs v\u00e4gen | Recharge\" \/>\n<meta property=\"og:description\" content=\"Laddkarta - V\u00e4lkommen till Nordens st\u00f6rsta snabbladdningsn\u00e4tverk som \u00e4r \u00f6ppet f\u00f6r alla. Vi har 2600 laddstationer f\u00f6r elbilar i...\" \/>\n<meta property=\"og:url\" content=\"https:\/\/rechargeinfra.com\/sv\/laddkarta\/\" \/>\n<meta property=\"og:site_name\" content=\"Recharge Sweden\" \/>\n<meta property=\"article:modified_time\" content=\"2025-04-28T13:30:36+00:00\" \/>\n<meta name=\"twitter:card\" content=\"summary_large_image\" \/>\n<meta name=\"twitter:label1\" content=\"Ber\u00e4knad l\u00e4stid\" \/>\n\t<meta name=\"twitter:data1\" content=\"2 minuter\" \/>\n<script type=\"application\/ld+json\" class=\"yoast-schema-graph\">{\"@context\":\"https:\\\/\\\/schema.org\",\"@graph\":[{\"@type\":\"WebPage\",\"@id\":\"https:\\\/\\\/rechargeinfra.com\\\/sv\\\/laddkarta\\\/\",\"url\":\"https:\\\/\\\/rechargeinfra.com\\\/sv\\\/laddkarta\\\/\",\"name\":\"Hitta snabbladdare och laddstationer l\u00e4ngs v\u00e4gen | Recharge\",\"isPartOf\":{\"@id\":\"https:\\\/\\\/rechargeinfra.com\\\/sv\\\/#website\"},\"datePublished\":\"2025-02-28T12:30:03+00:00\",\"dateModified\":\"2025-04-28T13:30:36+00:00\",\"description\":\"Laddkarta - V\u00e4lkommen till Nordens st\u00f6rsta snabbladdningsn\u00e4tverk som \u00e4r \u00f6ppet f\u00f6r alla. Vi har 2600 laddstationer f\u00f6r elbilar i...\",\"breadcrumb\":{\"@id\":\"https:\\\/\\\/rechargeinfra.com\\\/sv\\\/laddkarta\\\/#breadcrumb\"},\"inLanguage\":\"sv-SE\",\"potentialAction\":[{\"@type\":\"ReadAction\",\"target\":[\"https:\\\/\\\/rechargeinfra.com\\\/sv\\\/laddkarta\\\/\"]}]},{\"@type\":\"BreadcrumbList\",\"@id\":\"https:\\\/\\\/rechargeinfra.com\\\/sv\\\/laddkarta\\\/#breadcrumb\",\"itemListElement\":[{\"@type\":\"ListItem\",\"position\":1,\"name\":\"Home\",\"item\":\"https:\\\/\\\/rechargeinfra.com\\\/sv\\\/\"},{\"@type\":\"ListItem\",\"position\":2,\"name\":\"Laddkarta\"}]},{\"@type\":\"WebSite\",\"@id\":\"https:\\\/\\\/rechargeinfra.com\\\/sv\\\/#website\",\"url\":\"https:\\\/\\\/rechargeinfra.com\\\/sv\\\/\",\"name\":\"Recharge Sweden\",\"description\":\"Ladda f\u00f6r nya upplevelser\",\"potentialAction\":[{\"@type\":\"SearchAction\",\"target\":{\"@type\":\"EntryPoint\",\"urlTemplate\":\"https:\\\/\\\/rechargeinfra.com\\\/sv\\\/?s={search_term_string}\"},\"query-input\":{\"@type\":\"PropertyValueSpecification\",\"valueRequired\":true,\"valueName\":\"search_term_string\"}}],\"inLanguage\":\"sv-SE\"}]}<\/script>\n<!-- \/ Yoast SEO plugin. -->","yoast_head_json":{"title":"Hitta snabbladdare och laddstationer l\u00e4ngs v\u00e4gen | Recharge","description":"Laddkarta - V\u00e4lkommen till Nordens st\u00f6rsta snabbladdningsn\u00e4tverk som \u00e4r \u00f6ppet f\u00f6r alla. Vi har 2600 laddstationer f\u00f6r elbilar i...","robots":{"index":"index","follow":"follow","max-snippet":"max-snippet:-1","max-image-preview":"max-image-preview:large","max-video-preview":"max-video-preview:-1"},"canonical":"https:\/\/rechargeinfra.com\/sv\/laddkarta\/","og_locale":"sv_SE","og_type":"article","og_title":"Hitta snabbladdare och laddstationer l\u00e4ngs v\u00e4gen | Recharge","og_description":"Laddkarta - V\u00e4lkommen till Nordens st\u00f6rsta snabbladdningsn\u00e4tverk som \u00e4r \u00f6ppet f\u00f6r alla. Vi har 2600 laddstationer f\u00f6r elbilar i...","og_url":"https:\/\/rechargeinfra.com\/sv\/laddkarta\/","og_site_name":"Recharge Sweden","article_modified_time":"2025-04-28T13:30:36+00:00","twitter_card":"summary_large_image","twitter_misc":{"Ber\u00e4knad l\u00e4stid":"2 minuter"},"schema":{"@context":"https:\/\/schema.org","@graph":[{"@type":"WebPage","@id":"https:\/\/rechargeinfra.com\/sv\/laddkarta\/","url":"https:\/\/rechargeinfra.com\/sv\/laddkarta\/","name":"Hitta snabbladdare och laddstationer l\u00e4ngs v\u00e4gen | Recharge","isPartOf":{"@id":"https:\/\/rechargeinfra.com\/sv\/#website"},"datePublished":"2025-02-28T12:30:03+00:00","dateModified":"2025-04-28T13:30:36+00:00","description":"Laddkarta - V\u00e4lkommen till Nordens st\u00f6rsta snabbladdningsn\u00e4tverk som \u00e4r \u00f6ppet f\u00f6r alla. Vi har 2600 laddstationer f\u00f6r elbilar i...","breadcrumb":{"@id":"https:\/\/rechargeinfra.com\/sv\/laddkarta\/#breadcrumb"},"inLanguage":"sv-SE","potentialAction":[{"@type":"ReadAction","target":["https:\/\/rechargeinfra.com\/sv\/laddkarta\/"]}]},{"@type":"BreadcrumbList","@id":"https:\/\/rechargeinfra.com\/sv\/laddkarta\/#breadcrumb","itemListElement":[{"@type":"ListItem","position":1,"name":"Home","item":"https:\/\/rechargeinfra.com\/sv\/"},{"@type":"ListItem","position":2,"name":"Laddkarta"}]},{"@type":"WebSite","@id":"https:\/\/rechargeinfra.com\/sv\/#website","url":"https:\/\/rechargeinfra.com\/sv\/","name":"Recharge Sweden","description":"Ladda f\u00f6r nya upplevelser","potentialAction":[{"@type":"SearchAction","target":{"@type":"EntryPoint","urlTemplate":"https:\/\/rechargeinfra.com\/sv\/?s={search_term_string}"},"query-input":{"@type":"PropertyValueSpecification","valueRequired":true,"valueName":"search_term_string"}}],"inLanguage":"sv-SE"}]}},"_links":{"self":[{"href":"https:\/\/rechargeinfra.com\/sv\/wp-json\/wp\/v2\/pages\/4588","targetHints":{"allow":["GET"]}}],"collection":[{"href":"https:\/\/rechargeinfra.com\/sv\/wp-json\/wp\/v2\/pages"}],"about":[{"href":"https:\/\/rechargeinfra.com\/sv\/wp-json\/wp\/v2\/types\/page"}],"author":[{"embeddable":true,"href":"https:\/\/rechargeinfra.com\/sv\/wp-json\/wp\/v2\/users\/153"}],"replies":[{"embeddable":true,"href":"https:\/\/rechargeinfra.com\/sv\/wp-json\/wp\/v2\/comments?post=4588"}],"version-history":[{"count":29,"href":"https:\/\/rechargeinfra.com\/sv\/wp-json\/wp\/v2\/pages\/4588\/revisions"}],"predecessor-version":[{"id":6047,"href":"https:\/\/rechargeinfra.com\/sv\/wp-json\/wp\/v2\/pages\/4588\/revisions\/6047"}],"wp:attachment":[{"href":"https:\/\/rechargeinfra.com\/sv\/wp-json\/wp\/v2\/media?parent=4588"}],"curies":[{"name":"wp","href":"https:\/\/api.w.org\/{rel}","templated":true}]}}