{"id":4446,"date":"2022-06-09T09:07:20","date_gmt":"2022-06-09T09:07:20","guid":{"rendered":"https:\/\/rechargeinfra.com\/sv\/?page_id=4446"},"modified":"2023-12-13T13:32:24","modified_gmt":"2023-12-13T13:32:24","slug":"laddleverantorer","status":"publish","type":"page","link":"https:\/\/rechargeinfra.com\/sv\/foretagslosningar\/laddleverantorer\/","title":{"rendered":"Laddleverant\u00f6rer"},"content":{"rendered":"","protected":false},"excerpt":{"rendered":"","protected":false},"author":10,"featured_media":0,"parent":4488,"menu_order":0,"comment_status":"closed","ping_status":"closed","template":"","meta":{"_acf_changed":false,"inline_featured_image":false,"footnotes":""},"class_list":["post-4446","page","type-page","status-publish","hentry"],"acf":[],"yoast_head":"<!-- This site is optimized with the Yoast SEO plugin v27.5 - https:\/\/yoast.com\/product\/yoast-seo-wordpress\/ -->\n<title>Fler laddleverant\u00f6rer ger mer flexibilitet | Recharge<\/title>\n<meta name=\"description\" content=\"Vi vill att du ska kunna v\u00e4lja den laddl\u00f6sning som passar b\u00e4st f\u00f6r dig. D\u00e4rf\u00f6r \u00e4r v\u00e5rt laddn\u00e4tverk \u00f6ppet, s\u00e5 att fler laddleverant\u00f6rer kan...\" \/>\n<meta name=\"robots\" content=\"index, follow, max-snippet:-1, max-image-preview:large, max-video-preview:-1\" \/>\n<link rel=\"canonical\" href=\"https:\/\/rechargeinfra.com\/sv\/foretagslosningar\/laddleverantorer\/\" \/>\n<meta property=\"og:locale\" content=\"sv_SE\" \/>\n<meta property=\"og:type\" content=\"article\" \/>\n<meta property=\"og:title\" content=\"Fler laddleverant\u00f6rer ger mer flexibilitet | Recharge\" \/>\n<meta property=\"og:description\" content=\"Vi vill att du ska kunna v\u00e4lja den laddl\u00f6sning som passar b\u00e4st f\u00f6r dig. D\u00e4rf\u00f6r \u00e4r v\u00e5rt laddn\u00e4tverk \u00f6ppet, s\u00e5 att fler laddleverant\u00f6rer kan...\" \/>\n<meta property=\"og:url\" content=\"https:\/\/rechargeinfra.com\/sv\/foretagslosningar\/laddleverantorer\/\" \/>\n<meta property=\"og:site_name\" content=\"Recharge Sweden\" \/>\n<meta property=\"article:modified_time\" content=\"2023-12-13T13:32:24+00:00\" \/>\n<meta name=\"twitter:card\" content=\"summary_large_image\" \/>\n<meta name=\"twitter:label1\" content=\"Ber\u00e4knad l\u00e4stid\" \/>\n\t<meta name=\"twitter:data1\" content=\"3 minuter\" \/>\n<script type=\"application\/ld+json\" class=\"yoast-schema-graph\">{\"@context\":\"https:\\\/\\\/schema.org\",\"@graph\":[{\"@type\":\"WebPage\",\"@id\":\"https:\\\/\\\/rechargeinfra.com\\\/sv\\\/foretagslosningar\\\/laddleverantorer\\\/\",\"url\":\"https:\\\/\\\/rechargeinfra.com\\\/sv\\\/foretagslosningar\\\/laddleverantorer\\\/\",\"name\":\"Fler laddleverant\u00f6rer ger mer flexibilitet | Recharge\",\"isPartOf\":{\"@id\":\"https:\\\/\\\/rechargeinfra.com\\\/sv\\\/#website\"},\"datePublished\":\"2022-06-09T09:07:20+00:00\",\"dateModified\":\"2023-12-13T13:32:24+00:00\",\"description\":\"Vi vill att du ska kunna v\u00e4lja den laddl\u00f6sning som passar b\u00e4st f\u00f6r dig. D\u00e4rf\u00f6r \u00e4r v\u00e5rt laddn\u00e4tverk \u00f6ppet, s\u00e5 att fler laddleverant\u00f6rer kan...\",\"breadcrumb\":{\"@id\":\"https:\\\/\\\/rechargeinfra.com\\\/sv\\\/foretagslosningar\\\/laddleverantorer\\\/#breadcrumb\"},\"inLanguage\":\"sv-SE\",\"potentialAction\":[{\"@type\":\"ReadAction\",\"target\":[\"https:\\\/\\\/rechargeinfra.com\\\/sv\\\/foretagslosningar\\\/laddleverantorer\\\/\"]}]},{\"@type\":\"BreadcrumbList\",\"@id\":\"https:\\\/\\\/rechargeinfra.com\\\/sv\\\/foretagslosningar\\\/laddleverantorer\\\/#breadcrumb\",\"itemListElement\":[{\"@type\":\"ListItem\",\"position\":1,\"name\":\"Home\",\"item\":\"https:\\\/\\\/rechargeinfra.com\\\/sv\\\/\"},{\"@type\":\"ListItem\",\"position\":2,\"name\":\"F\u00f6retagsl\u00f6sningar\",\"item\":\"https:\\\/\\\/rechargeinfra.com\\\/sv\\\/foretagslosningar\\\/\"},{\"@type\":\"ListItem\",\"position\":3,\"name\":\"Laddleverant\u00f6rer\"}]},{\"@type\":\"WebSite\",\"@id\":\"https:\\\/\\\/rechargeinfra.com\\\/sv\\\/#website\",\"url\":\"https:\\\/\\\/rechargeinfra.com\\\/sv\\\/\",\"name\":\"Recharge Sweden\",\"description\":\"Ladda f\u00f6r nya upplevelser\",\"potentialAction\":[{\"@type\":\"SearchAction\",\"target\":{\"@type\":\"EntryPoint\",\"urlTemplate\":\"https:\\\/\\\/rechargeinfra.com\\\/sv\\\/?s={search_term_string}\"},\"query-input\":{\"@type\":\"PropertyValueSpecification\",\"valueRequired\":true,\"valueName\":\"search_term_string\"}}],\"inLanguage\":\"sv-SE\"}]}<\/script>\n<!-- \/ Yoast SEO plugin. -->","yoast_head_json":{"title":"Fler laddleverant\u00f6rer ger mer flexibilitet | Recharge","description":"Vi vill att du ska kunna v\u00e4lja den laddl\u00f6sning som passar b\u00e4st f\u00f6r dig. D\u00e4rf\u00f6r \u00e4r v\u00e5rt laddn\u00e4tverk \u00f6ppet, s\u00e5 att fler laddleverant\u00f6rer kan...","robots":{"index":"index","follow":"follow","max-snippet":"max-snippet:-1","max-image-preview":"max-image-preview:large","max-video-preview":"max-video-preview:-1"},"canonical":"https:\/\/rechargeinfra.com\/sv\/foretagslosningar\/laddleverantorer\/","og_locale":"sv_SE","og_type":"article","og_title":"Fler laddleverant\u00f6rer ger mer flexibilitet | Recharge","og_description":"Vi vill att du ska kunna v\u00e4lja den laddl\u00f6sning som passar b\u00e4st f\u00f6r dig. D\u00e4rf\u00f6r \u00e4r v\u00e5rt laddn\u00e4tverk \u00f6ppet, s\u00e5 att fler laddleverant\u00f6rer kan...","og_url":"https:\/\/rechargeinfra.com\/sv\/foretagslosningar\/laddleverantorer\/","og_site_name":"Recharge Sweden","article_modified_time":"2023-12-13T13:32:24+00:00","twitter_card":"summary_large_image","twitter_misc":{"Ber\u00e4knad l\u00e4stid":"3 minuter"},"schema":{"@context":"https:\/\/schema.org","@graph":[{"@type":"WebPage","@id":"https:\/\/rechargeinfra.com\/sv\/foretagslosningar\/laddleverantorer\/","url":"https:\/\/rechargeinfra.com\/sv\/foretagslosningar\/laddleverantorer\/","name":"Fler laddleverant\u00f6rer ger mer flexibilitet | Recharge","isPartOf":{"@id":"https:\/\/rechargeinfra.com\/sv\/#website"},"datePublished":"2022-06-09T09:07:20+00:00","dateModified":"2023-12-13T13:32:24+00:00","description":"Vi vill att du ska kunna v\u00e4lja den laddl\u00f6sning som passar b\u00e4st f\u00f6r dig. D\u00e4rf\u00f6r \u00e4r v\u00e5rt laddn\u00e4tverk \u00f6ppet, s\u00e5 att fler laddleverant\u00f6rer kan...","breadcrumb":{"@id":"https:\/\/rechargeinfra.com\/sv\/foretagslosningar\/laddleverantorer\/#breadcrumb"},"inLanguage":"sv-SE","potentialAction":[{"@type":"ReadAction","target":["https:\/\/rechargeinfra.com\/sv\/foretagslosningar\/laddleverantorer\/"]}]},{"@type":"BreadcrumbList","@id":"https:\/\/rechargeinfra.com\/sv\/foretagslosningar\/laddleverantorer\/#breadcrumb","itemListElement":[{"@type":"ListItem","position":1,"name":"Home","item":"https:\/\/rechargeinfra.com\/sv\/"},{"@type":"ListItem","position":2,"name":"F\u00f6retagsl\u00f6sningar","item":"https:\/\/rechargeinfra.com\/sv\/foretagslosningar\/"},{"@type":"ListItem","position":3,"name":"Laddleverant\u00f6rer"}]},{"@type":"WebSite","@id":"https:\/\/rechargeinfra.com\/sv\/#website","url":"https:\/\/rechargeinfra.com\/sv\/","name":"Recharge Sweden","description":"Ladda f\u00f6r nya upplevelser","potentialAction":[{"@type":"SearchAction","target":{"@type":"EntryPoint","urlTemplate":"https:\/\/rechargeinfra.com\/sv\/?s={search_term_string}"},"query-input":{"@type":"PropertyValueSpecification","valueRequired":true,"valueName":"search_term_string"}}],"inLanguage":"sv-SE"}]}},"_links":{"self":[{"href":"https:\/\/rechargeinfra.com\/sv\/wp-json\/wp\/v2\/pages\/4446","targetHints":{"allow":["GET"]}}],"collection":[{"href":"https:\/\/rechargeinfra.com\/sv\/wp-json\/wp\/v2\/pages"}],"about":[{"href":"https:\/\/rechargeinfra.com\/sv\/wp-json\/wp\/v2\/types\/page"}],"author":[{"embeddable":true,"href":"https:\/\/rechargeinfra.com\/sv\/wp-json\/wp\/v2\/users\/10"}],"replies":[{"embeddable":true,"href":"https:\/\/rechargeinfra.com\/sv\/wp-json\/wp\/v2\/comments?post=4446"}],"version-history":[{"count":20,"href":"https:\/\/rechargeinfra.com\/sv\/wp-json\/wp\/v2\/pages\/4446\/revisions"}],"predecessor-version":[{"id":5585,"href":"https:\/\/rechargeinfra.com\/sv\/wp-json\/wp\/v2\/pages\/4446\/revisions\/5585"}],"up":[{"embeddable":true,"href":"https:\/\/rechargeinfra.com\/sv\/wp-json\/wp\/v2\/pages\/4488"}],"wp:attachment":[{"href":"https:\/\/rechargeinfra.com\/sv\/wp-json\/wp\/v2\/media?parent=4446"}],"curies":[{"name":"wp","href":"https:\/\/api.w.org\/{rel}","templated":true}]}}