{"id":209,"date":"2026-01-22T22:00:04","date_gmt":"2026-01-22T21:00:04","guid":{"rendered":"https:\/\/rechargeinfra.com\/dk\/?page_id=209"},"modified":"2026-02-08T23:09:31","modified_gmt":"2026-02-08T22:09:31","slug":"priser","status":"publish","type":"page","link":"https:\/\/rechargeinfra.com\/dk\/priser\/","title":{"rendered":"Priser"},"content":{"rendered":"","protected":false},"excerpt":{"rendered":"","protected":false},"author":8,"featured_media":0,"parent":0,"menu_order":0,"comment_status":"closed","ping_status":"closed","template":"","meta":{"_acf_changed":false,"inline_featured_image":false,"footnotes":""},"class_list":["post-209","page","type-page","status-publish","hentry"],"acf":[],"yoast_head":"<!-- This site is optimized with the Yoast SEO plugin v27.4 - https:\/\/yoast.com\/product\/yoast-seo-wordpress\/ -->\n<title>Priser - Recharge Danmark<\/title>\n<meta name=\"description\" content=\"N\u00e5r du oplader p\u00e5 en Recharge station, kan du betale p\u00e5 mange forskellige m\u00e5der. Prisen for opladning p\u00e5 vores ladestandere vil variere alt efter, hvordan du aktiverer tjenesten.\" \/>\n<meta name=\"robots\" content=\"index, follow, max-snippet:-1, max-image-preview:large, max-video-preview:-1\" \/>\n<link rel=\"canonical\" href=\"https:\/\/rechargeinfra.com\/dk\/priser\/\" \/>\n<meta property=\"og:locale\" content=\"da_DK\" \/>\n<meta property=\"og:type\" content=\"article\" \/>\n<meta property=\"og:title\" content=\"Priser - Recharge Danmark\" \/>\n<meta property=\"og:description\" content=\"N\u00e5r du oplader p\u00e5 en Recharge station, kan du betale p\u00e5 mange forskellige m\u00e5der. Prisen for opladning p\u00e5 vores ladestandere vil variere alt efter, hvordan du aktiverer tjenesten.\" \/>\n<meta property=\"og:url\" content=\"https:\/\/rechargeinfra.com\/dk\/priser\/\" \/>\n<meta property=\"og:site_name\" content=\"Recharge Denmark\" \/>\n<meta property=\"article:modified_time\" content=\"2026-02-08T22:09:31+00:00\" \/>\n<meta name=\"twitter:card\" content=\"summary_large_image\" \/>\n<meta name=\"twitter:label1\" content=\"Estimeret l\u00e6setid\" \/>\n\t<meta name=\"twitter:data1\" content=\"2 minutter\" \/>\n<script type=\"application\/ld+json\" class=\"yoast-schema-graph\">{\"@context\":\"https:\\\/\\\/schema.org\",\"@graph\":[{\"@type\":\"WebPage\",\"@id\":\"https:\\\/\\\/rechargeinfra.com\\\/dk\\\/priser\\\/\",\"url\":\"https:\\\/\\\/rechargeinfra.com\\\/dk\\\/priser\\\/\",\"name\":\"Priser - Recharge Danmark\",\"isPartOf\":{\"@id\":\"https:\\\/\\\/rechargeinfra.com\\\/dk\\\/#website\"},\"datePublished\":\"2026-01-22T21:00:04+00:00\",\"dateModified\":\"2026-02-08T22:09:31+00:00\",\"description\":\"N\u00e5r du oplader p\u00e5 en Recharge station, kan du betale p\u00e5 mange forskellige m\u00e5der. Prisen for opladning p\u00e5 vores ladestandere vil variere alt efter, hvordan du aktiverer tjenesten.\",\"breadcrumb\":{\"@id\":\"https:\\\/\\\/rechargeinfra.com\\\/dk\\\/priser\\\/#breadcrumb\"},\"inLanguage\":\"da-DK\",\"potentialAction\":[{\"@type\":\"ReadAction\",\"target\":[\"https:\\\/\\\/rechargeinfra.com\\\/dk\\\/priser\\\/\"]}]},{\"@type\":\"BreadcrumbList\",\"@id\":\"https:\\\/\\\/rechargeinfra.com\\\/dk\\\/priser\\\/#breadcrumb\",\"itemListElement\":[{\"@type\":\"ListItem\",\"position\":1,\"name\":\"Home\",\"item\":\"https:\\\/\\\/rechargeinfra.com\\\/dk\\\/\"},{\"@type\":\"ListItem\",\"position\":2,\"name\":\"Priser\"}]},{\"@type\":\"WebSite\",\"@id\":\"https:\\\/\\\/rechargeinfra.com\\\/dk\\\/#website\",\"url\":\"https:\\\/\\\/rechargeinfra.com\\\/dk\\\/\",\"name\":\"Recharge Denmark\",\"description\":\"Driving Change\",\"potentialAction\":[{\"@type\":\"SearchAction\",\"target\":{\"@type\":\"EntryPoint\",\"urlTemplate\":\"https:\\\/\\\/rechargeinfra.com\\\/dk\\\/?s={search_term_string}\"},\"query-input\":{\"@type\":\"PropertyValueSpecification\",\"valueRequired\":true,\"valueName\":\"search_term_string\"}}],\"inLanguage\":\"da-DK\"}]}<\/script>\n<!-- \/ Yoast SEO plugin. -->","yoast_head_json":{"title":"Priser - Recharge Danmark","description":"N\u00e5r du oplader p\u00e5 en Recharge station, kan du betale p\u00e5 mange forskellige m\u00e5der. Prisen for opladning p\u00e5 vores ladestandere vil variere alt efter, hvordan du aktiverer tjenesten.","robots":{"index":"index","follow":"follow","max-snippet":"max-snippet:-1","max-image-preview":"max-image-preview:large","max-video-preview":"max-video-preview:-1"},"canonical":"https:\/\/rechargeinfra.com\/dk\/priser\/","og_locale":"da_DK","og_type":"article","og_title":"Priser - Recharge Danmark","og_description":"N\u00e5r du oplader p\u00e5 en Recharge station, kan du betale p\u00e5 mange forskellige m\u00e5der. Prisen for opladning p\u00e5 vores ladestandere vil variere alt efter, hvordan du aktiverer tjenesten.","og_url":"https:\/\/rechargeinfra.com\/dk\/priser\/","og_site_name":"Recharge Denmark","article_modified_time":"2026-02-08T22:09:31+00:00","twitter_card":"summary_large_image","twitter_misc":{"Estimeret l\u00e6setid":"2 minutter"},"schema":{"@context":"https:\/\/schema.org","@graph":[{"@type":"WebPage","@id":"https:\/\/rechargeinfra.com\/dk\/priser\/","url":"https:\/\/rechargeinfra.com\/dk\/priser\/","name":"Priser - Recharge Danmark","isPartOf":{"@id":"https:\/\/rechargeinfra.com\/dk\/#website"},"datePublished":"2026-01-22T21:00:04+00:00","dateModified":"2026-02-08T22:09:31+00:00","description":"N\u00e5r du oplader p\u00e5 en Recharge station, kan du betale p\u00e5 mange forskellige m\u00e5der. Prisen for opladning p\u00e5 vores ladestandere vil variere alt efter, hvordan du aktiverer tjenesten.","breadcrumb":{"@id":"https:\/\/rechargeinfra.com\/dk\/priser\/#breadcrumb"},"inLanguage":"da-DK","potentialAction":[{"@type":"ReadAction","target":["https:\/\/rechargeinfra.com\/dk\/priser\/"]}]},{"@type":"BreadcrumbList","@id":"https:\/\/rechargeinfra.com\/dk\/priser\/#breadcrumb","itemListElement":[{"@type":"ListItem","position":1,"name":"Home","item":"https:\/\/rechargeinfra.com\/dk\/"},{"@type":"ListItem","position":2,"name":"Priser"}]},{"@type":"WebSite","@id":"https:\/\/rechargeinfra.com\/dk\/#website","url":"https:\/\/rechargeinfra.com\/dk\/","name":"Recharge Denmark","description":"Driving Change","potentialAction":[{"@type":"SearchAction","target":{"@type":"EntryPoint","urlTemplate":"https:\/\/rechargeinfra.com\/dk\/?s={search_term_string}"},"query-input":{"@type":"PropertyValueSpecification","valueRequired":true,"valueName":"search_term_string"}}],"inLanguage":"da-DK"}]}},"_links":{"self":[{"href":"https:\/\/rechargeinfra.com\/dk\/wp-json\/wp\/v2\/pages\/209","targetHints":{"allow":["GET"]}}],"collection":[{"href":"https:\/\/rechargeinfra.com\/dk\/wp-json\/wp\/v2\/pages"}],"about":[{"href":"https:\/\/rechargeinfra.com\/dk\/wp-json\/wp\/v2\/types\/page"}],"author":[{"embeddable":true,"href":"https:\/\/rechargeinfra.com\/dk\/wp-json\/wp\/v2\/users\/8"}],"replies":[{"embeddable":true,"href":"https:\/\/rechargeinfra.com\/dk\/wp-json\/wp\/v2\/comments?post=209"}],"version-history":[{"count":21,"href":"https:\/\/rechargeinfra.com\/dk\/wp-json\/wp\/v2\/pages\/209\/revisions"}],"predecessor-version":[{"id":560,"href":"https:\/\/rechargeinfra.com\/dk\/wp-json\/wp\/v2\/pages\/209\/revisions\/560"}],"wp:attachment":[{"href":"https:\/\/rechargeinfra.com\/dk\/wp-json\/wp\/v2\/media?parent=209"}],"curies":[{"name":"wp","href":"https:\/\/api.w.org\/{rel}","templated":true}]}}